{"id":77,"date":"2019-03-05T13:38:55","date_gmt":"2019-03-05T13:38:55","guid":{"rendered":"https:\/\/cistoca-imotske-krajine.hr\/cms\/?page_id=77"},"modified":"2024-06-18T10:22:22","modified_gmt":"2024-06-18T10:22:22","slug":"zakoni-i-pravilnici","status":"publish","type":"page","link":"https:\/\/cistoca-imotske-krajine.hr\/cms\/zakoni-i-pravilnici\/","title":{"rendered":"Zakoni i pravilnici"},"content":{"rendered":"[et_pb_section fb_built=&#8221;1&#8243; admin_label=&#8221;section&#8221; _builder_version=&#8221;3.19.18&#8243; use_background_color_gradient=&#8221;on&#8221; background_color_gradient_start=&#8221;#f7f7f7&#8243; background_color_gradient_end=&#8221;#ffffff&#8221; background_color_gradient_type=&#8221;radial&#8221; background_color_gradient_start_position=&#8221;58%&#8221;][et_pb_row admin_label=&#8221;row&#8221; _builder_version=&#8221;3.19.18&#8243; background_size=&#8221;initial&#8221; background_position=&#8221;top_left&#8221; background_repeat=&#8221;repeat&#8221;][et_pb_column type=&#8221;4_4&#8243; _builder_version=&#8221;3.0.47&#8243;][et_pb_text _builder_version=&#8221;3.19.18&#8243; text_font=&#8221;Convergence||||||||&#8221; text_text_color=&#8221;#000000&#8243; background_size=&#8221;initial&#8221; background_position=&#8221;top_left&#8221; background_repeat=&#8221;repeat&#8221;]<p><\/p>\n<h3>Propisi iz podru\u010dja otpada<\/h3>\n<p>&nbsp;<\/p>\n<p style=\"text-align: left;\"><strong>Zakoni<\/strong><\/p>\n<p>Zakon o za\u0161titi okoli\u0161a (NN\u00a0<a href=\"http:\/\/narodne-novine.nn.hr\/clanci\/sluzbeni\/2013_06_80_1659.html\">80\/13<\/a>,\u00a0<a href=\"http:\/\/narodne-novine.nn.hr\/clanci\/sluzbeni\/2013_12_153_3221.html\">153\/13<\/a>,\u00a0<a href=\"http:\/\/narodne-novine.nn.hr\/clanci\/sluzbeni\/2015_07_78_1498.html\">78\/15<\/a> , <a href=\"https:\/\/narodne-novine.nn.hr\/clanci\/sluzbeni\/2018_12_118_2345.html\">12\/18<\/a> , <a href=\"https:\/\/narodne-novine.nn.hr\/clanci\/sluzbeni\/2018_12_118_2345.html\">118\/18<\/a> )<\/p>\n<p>Zakon o odr\u017eivom gospodarenju otpadom (NN\u00a0<a href=\"http:\/\/narodne-novine.nn.hr\/clanci\/sluzbeni\/2013_07_94_2123.html\">94\/13<\/a>,\u00a0<a href=\"http:\/\/narodne-novine.nn.hr\/clanci\/sluzbeni\/2017_07_73_1767.html\">73\/17<\/a>,\u00a0<a href=\"https:\/\/narodne-novine.nn.hr\/clanci\/sluzbeni\/2019_02_14_277.html\">14\/19<\/a>,\u00a0<a href=\"https:\/\/narodne-novine.nn.hr\/clanci\/sluzbeni\/2019_10_98_1958.html\">98\/19<\/a>)<\/p>\n<p>Zakon o za\u0161titi zraka (NN\u00a0<a href=\"https:\/\/narodne-novine.nn.hr\/clanci\/sluzbeni\/2011_11_130_2601.html\">127\/19<\/a>)<\/p>\n<p>&nbsp;<\/p>\n<p><strong>Pravilnici<\/strong><\/p>\n<p>Pravilnik o gospodarenju otpadom (NN\u00a0<a href=\"https:\/\/narodne-novine.nn.hr\/clanci\/sluzbeni\/2020_07_81_1517.html\"><u>81\/20<\/u><\/a>)<\/p>\n<p>Pravilnik o gospodarenju otpadnim gumama (NN\u00a0<a href=\"http:\/\/www.fzoeu.hr\/docs\/pravilnik_o_gospodarenju_otpadnim_gumama11316_v1.pdf\">113\/16<\/a>)<\/p>\n<p>Pravilnik o gospodarenju gra\u0111evnom otpadu i otpadu koji sadr\u017ei azbest (NN\u00a0<a href=\"http:\/\/narodne-novine.nn.hr\/clanci\/sluzbeni\/2016_07_69_1650.html\">69\/16<\/a>)<\/p>\n<p>Pravilnik\u00a0o ambala\u017ei i otpadnoj ambala\u017ei (NN\u00a0<a href=\"http:\/\/narodne-novine.nn.hr\/clanci\/sluzbeni\/2015_08_88_1735.html\">88\/15<\/a>),\u00a0<a href=\"https:\/\/narodne-novine.nn.hr\/clanci\/sluzbeni\/2016_08_78_1795.html\"><em>78\/16<\/em><\/a>,\u00a0<a href=\"https:\/\/narodne-novine.nn.hr\/clanci\/sluzbeni\/2017_11_116_2685.html\">116\/17<\/a>,\u00a0<a href=\"http:\/\/www.fzoeu.hr\/docs\/pravilnik_o_izmjenam_i_dopunama_pravilnika_o_ambalazi_i_otpadnoj_ambalazi_nn_14_20_v1.pdf\"><em>14\/20<\/em><\/a>)<\/p>\n<p>Pravilnik o gospodarenju otpadnim gumama (NN\u00a0<a href=\"http:\/\/narodne-novine.nn.hr\/clanci\/sluzbeni\/2006_04_40_980.html\">40\/06<\/a>,\u00a0<a href=\"http:\/\/narodne-novine.nn.hr\/clanci\/sluzbeni\/2009_03_31_684.html\">31\/09<\/a>,\u00a0<a href=\"http:\/\/narodne-novine.nn.hr\/clanci\/sluzbeni\/2009_12_156_3895.html\">156\/09<\/a>,\u00a0<a href=\"http:\/\/narodne-novine.nn.hr\/clanci\/sluzbeni\/2011_09_111_2174.html\">111\/11<\/a>,\u00a0<a href=\"http:\/\/narodne-novine.nn.hr\/clanci\/sluzbeni\/2013_07_86_1934.html\">86\/13<\/a>)<\/p>\n<p>Pravilnik o gospodarenju otpadnim vozilima (NN\u00a0<a href=\"http:\/\/narodne-novine.nn.hr\/clanci\/sluzbeni\/2006_12_136_3077.html\">136\/06<\/a>,\u00a0<a href=\"http:\/\/narodne-novine.nn.hr\/clanci\/sluzbeni\/2009_03_31_685.html\">31\/09<\/a>,\u00a0<a href=\"http:\/\/narodne-novine.nn.hr\/clanci\/sluzbeni\/2009_12_156_3892.html\">156\/09<\/a>,\u00a0<a href=\"http:\/\/narodne-novine.nn.hr\/clanci\/sluzbeni\/2012_05_53_1339.html\">53\/12<\/a>,\u00a0<a href=\"http:\/\/narodne-novine.nn.hr\/clanci\/sluzbeni\/2013_07_86_1931.html\">86\/13,<\/a>\u00a0<a href=\"http:\/\/narodne-novine.nn.hr\/clanci\/sluzbeni\/2013_07_91_2059.html\">91\/13,<\/a>\u00a0<a href=\"https:\/\/narodne-novine.nn.hr\/clanci\/sluzbeni\/2015_11_125_2384.html\">125\/15<\/a>,\u00a0<a href=\"http:\/\/narodne-novine.nn.hr\/clanci\/sluzbeni\/2016_10_90_1914.html\">90\/16<\/a>,\u00a0<a href=\"https:\/\/narodne-novine.nn.hr\/clanci\/sluzbeni\/2018_07_60_1257.html\">60\/18<\/a>,\u00a0<a href=\"https:\/\/narodne-novine.nn.hr\/clanci\/sluzbeni\/2018_08_72_1488.html\">72\/18<\/a>,\u00a0<a href=\"https:\/\/narodne-novine.nn.hr\/clanci\/sluzbeni\/2020_07_81_1519.html\">81\/20<\/a>)<\/p>\n<p>Pravilnik o gospodarenju otpadnim uljima (NN\u00a0<a href=\"http:\/\/narodne-novine.nn.hr\/clanci\/sluzbeni\/2006_11_124_2762.html\">124\/06<\/a>,\u00a0<a href=\"http:\/\/narodne-novine.nn.hr\/clanci\/sluzbeni\/2008_10_121_3482.html\">121\/08<\/a>,\u00a0<a href=\"http:\/\/narodne-novine.nn.hr\/clanci\/sluzbeni\/2009_03_31_682.html\">31\/09<\/a>,\u00a0<a href=\"http:\/\/narodne-novine.nn.hr\/clanci\/sluzbeni\/2009_12_156_3896.html\">156\/09<\/a>,\u00a0<a href=\"http:\/\/narodne-novine.nn.hr\/clanci\/sluzbeni\/2011_08_91_1946.html\">91\/11<\/a>,\u00a0<a href=\"http:\/\/narodne-novine.nn.hr\/clanci\/sluzbeni\/2012_04_45_1127.html\">45\/12<\/a>,\u00a0<a href=\"http:\/\/narodne-novine.nn.hr\/clanci\/sluzbeni\/2013_07_86_1933.html\">86\/13<\/a>)<\/p>\n<p>Pravilnik o gospodarenju otpadnim baterijama i akumulatorima (NN\u00a0<a href=\"http:\/\/narodne-novine.nn.hr\/clanci\/sluzbeni\/2006_12_133_3027.html\">133\/06<\/a>,\u00a0<a href=\"http:\/\/narodne-novine.nn.hr\/clanci\/sluzbeni\/2009_03_31_686.html\">31\/09<\/a>,\u00a0<a href=\"http:\/\/narodne-novine.nn.hr\/clanci\/sluzbeni\/2009_12_156_3894.html\">156\/09<\/a>,\u00a0<a href=\"http:\/\/narodne-novine.nn.hr\/clanci\/sluzbeni\/2012_04_45_1128.html\">45\/12<\/a>,\u00a0<a href=\"http:\/\/narodne-novine.nn.hr\/clanci\/sluzbeni\/2013_07_86_1932.html\">86\/13,<\/a>\u00a0<a href=\"http:\/\/narodne-novine.nn.hr\/clanci\/sluzbeni\/2015_10_111_2147.html\">111\/15 )<\/a><\/p>\n<p>Pravilnik o gospodarenju otpadnim elektri\u010dnim i elektroni\u010dkim ure\u0111ajima i opremom (NN\u00a0<a href=\"http:\/\/narodne-novine.nn.hr\/clanci\/sluzbeni\/2007_07_74_2327.html\">74\/07<\/a>,\u00a0<a href=\"http:\/\/narodne-novine.nn.hr\/clanci\/sluzbeni\/2008_11_133_3777.html\">133\/08<\/a>,\u00a0<a href=\"http:\/\/narodne-novine.nn.hr\/clanci\/sluzbeni\/2009_03_31_681.html\">31\/09<\/a>,\u00a0<a href=\"http:\/\/narodne-novine.nn.hr\/clanci\/sluzbeni\/2009_12_156_3891.html\">156\/09<\/a>,\u00a0<a href=\"http:\/\/narodne-novine.nn.hr\/clanci\/sluzbeni\/2012_12_143_3067.html\">143\/12<\/a>,\u00a0<a href=\"http:\/\/narodne-novine.nn.hr\/clanci\/sluzbeni\/2013_07_86_1936.html\">86\/13,<\/a>\u00a0<a href=\"https:\/\/narodne-novine.nn.hr\/clanci\/sluzbeni\/2020_01_7_157.html\">7\/20<\/a>)<\/p>\n<p>Pravilnik o gospodarenju otpadnom elektri\u010dnom i elektroni\u010dkom opremom (NN\u00a0<a href=\"http:\/\/narodne-novine.nn.hr\/clanci\/sluzbeni\/2014_04_42_782.html\">42\/14<\/a>,\u00a0<a href=\"http:\/\/narodne-novine.nn.hr\/clanci\/sluzbeni\/2014_04_48_941.html\">48\/14<\/a>,\u00a0<a href=\"http:\/\/narodne-novine.nn.hr\/clanci\/sluzbeni\/2014_09_107_2078.html\">107\/14<\/a>,\u00a0<a href=\"http:\/\/narodne-novine.nn.hr\/clanci\/sluzbeni\/2014_11_139_2625.html\">139\/14<\/a>,\u00a0<a href=\"https:\/\/narodne-novine.nn.hr\/clanci\/sluzbeni\/2019_01_11_230.html\">11\/19<\/a>,\u00a0<a href=\"https:\/\/narodne-novine.nn.hr\/clanci\/sluzbeni\/2020_01_7_157.html\">7\/20<\/a>)<\/p>\n<p>Pravilnik o ograni\u010davanju uporabe odre\u0111enih opasnih tvari u elektri\u010dnoj elektroni\u010dkoj opremi (NN\u00a0<a href=\"http:\/\/narodne-novine.nn.hr\/clanci\/sluzbeni\/2013_10_131_2866.html\">131\/13<\/a>,\u00a0<a href=\"http:\/\/narodne-novine.nn.hr\/clanci\/sluzbeni\/2014_02_16_328.html\">16\/14<\/a>)<\/p>\n<p>Pravilnik o na\u010dinu i postupcima gospodarenja otpadom koji sadr\u017ei azbest (NN\u00a0<a href=\"http:\/\/narodne-novine.nn.hr\/clanci\/sluzbeni\/2007_04_42_1389.html\">42\/07<\/a>),<\/p>\n<p><strong><\/strong><\/p>\n<p><strong><\/strong><\/p>\n<p><strong><\/strong><\/p>\n<p><strong>Uredbe<\/strong><\/p>\n<p>Uredba o gospodarenju komunalnim otpadom (NN\u00a0<a href=\"http:\/\/narodne-novine.nn.hr\/clanci\/sluzbeni\/2017_05_50_1138.html\">50\/17<\/a>)<\/p>\n<p>Uredba o informiranju i sudjelovanju javnosti i zainteresirane javnosti u pitanjima za\u0161tite okoli\u0161a (NN\u00a0<a href=\"http:\/\/narodne-novine.nn.hr\/clanci\/sluzbeni\/2008_06_64_2177.html\">64\/08<\/a>)<\/p>\n<p>Uredba o kategorijama, vrstama i klasifikaciji otpada s katalogom otpada i listom opasnog otpada (NN\u00a0<a href=\"http:\/\/narodne-novine.nn.hr\/clanci\/sluzbeni\/2005_04_50_963.html\">50\/05<\/a>,\u00a0<a href=\"http:\/\/narodne-novine.nn.hr\/clanci\/sluzbeni\/2009_03_39_881.html\">39\/09<\/a>)<\/p>\n<p>Uredba o gospodarenju otpadnom ambala\u017eom (NN\u00a0<a href=\"http:\/\/narodne-novine.nn.hr\/clanci\/sluzbeni\/2015_09_97_1872.html\">97\/15<\/a>,\u00a0<a href=\"https:\/\/narodne-novine.nn.hr\/clanci\/sluzbeni\/2020_01_7_93.html\">7\/20<\/a>)<\/p>\n<p>Uredba o gospodarenju baterijama i akumulatorima (NN\u00a0<a href=\"http:\/\/narodne-novine.nn.hr\/clanci\/sluzbeni\/2015_10_105_2051.html\">105\/15<\/a>,\u00a0<a href=\"https:\/\/narodne-novine.nn.hr\/clanci\/sluzbeni\/2020_05_57_1142.html\">57\/20<\/a>)<\/p>\n<p>Uredba o gospodarenju otpadnim vozilima (NN\u00a0<a href=\"http:\/\/narodne-novine.nn.hr\/clanci\/sluzbeni\/2015_10_112_2161.html\">112\/15<\/a>)<\/p>\n<p><strong><\/strong><\/p>\n<p><strong><\/strong><\/p>\n<p><strong><\/strong><\/p>\n<p><strong>Programi i planovi<\/strong><\/p>\n<p>Strategija odr\u017eivog razvitka Republike Hrvatske (NN\u00a0<a href=\"http:\/\/narodne-novine.nn.hr\/clanci\/sluzbeni\/2009_03_30_658.html\">30\/09<\/a>)<\/p>\n<p>Plan gospodarenja otpadom u RH za razdoblje 2017. &#8211; 2022. godine (NN<a href=\"https:\/\/narodne-novine.nn.hr\/clanci\/sluzbeni\/2017_01_3_120.html\">\u00a03\/2017<\/a>)<\/p>\n<p><\/p>[\/et_pb_text][\/et_pb_column][\/et_pb_row][\/et_pb_section]","protected":false},"excerpt":{"rendered":"<p>[et_pb_section fb_built=&#8221;1&#8243; admin_label=&#8221;section&#8221; _builder_version=&#8221;3.19.18&#8243; use_background_color_gradient=&#8221;on&#8221; background_color_gradient_start=&#8221;#f7f7f7&#8243; background_color_gradient_end=&#8221;#ffffff&#8221; background_color_gradient_type=&#8221;radial&#8221; background_color_gradient_start_position=&#8221;58%&#8221;][et_pb_row admin_label=&#8221;row&#8221; _builder_version=&#8221;3.19.18&#8243; background_size=&#8221;initial&#8221; background_position=&#8221;top_left&#8221; background_repeat=&#8221;repeat&#8221;][et_pb_column type=&#8221;4_4&#8243; _builder_version=&#8221;3.0.47&#8243;][et_pb_text _builder_version=&#8221;3.19.18&#8243; text_font=&#8221;Convergence||||||||&#8221; text_text_color=&#8221;#000000&#8243; background_size=&#8221;initial&#8221; background_position=&#8221;top_left&#8221; background_repeat=&#8221;repeat&#8221;] Propisi iz podru\u010dja otpada &nbsp; Zakoni Zakon o za\u0161titi okoli\u0161a (NN\u00a080\/13,\u00a0153\/13,\u00a078\/15 , 12\/18 , 118\/18 ) Zakon o odr\u017eivom gospodarenju otpadom (NN\u00a094\/13,\u00a073\/17,\u00a014\/19,\u00a098\/19) Zakon o za\u0161titi zraka (NN\u00a0127\/19) &nbsp; Pravilnici Pravilnik o gospodarenju otpadom [&hellip;]<\/p>\n","protected":false},"author":1,"featured_media":0,"parent":0,"menu_order":0,"comment_status":"closed","ping_status":"closed","template":"","meta":{"_et_pb_use_builder":"on","_et_pb_old_content":"<!-- wp:html -->\r\n<h3>Propisi iz podru\u010dja otpada<\/h3>\r\n\u00a0\r\n<ul>\r\n \t<li><strong>Zakon o odr\u017eivom gospodarenju otpadom<\/strong>\r\nNarodne novine <a href=\"http:\/\/narodne-novine.nn.hr\/clanci\/sluzbeni\/2013_07_94_2123.html\">94\/13<\/a><\/li>\r\n \t<li><strong>Zakon o za\u0161titi  okoli\u0161a<\/strong><em> ( NN 80\/13 )<\/em><\/li>\r\n \t<li><strong>Zakon o komunalnom gospodarstvu<\/strong><em> (<\/em>NN 36\/95, 70\/97, 128\/99, 57\/00, 129\/00, 59\/01, 26\/03, 82\/04, 110\/04, 178\/04, 38\/09, 79\/09, 153\/09, 49\/11, 84\/11, 90\/11, 144\/12, 94\/13, 153\/13 )<\/li>\r\n \t<li><strong>Uredba o kategorijama, vrstama i klasifikaciji otpada s katalogom otpada i listom opasnog otpada<\/strong>\r\nNarodne novine <a href=\"http:\/\/narodne-novine.nn.hr\/clanci\/sluzbeni\/288486.html\">50\/05<\/a>, <a href=\"http:\/\/narodne-novine.nn.hr\/clanci\/sluzbeni\/2009_03_39_881.html\">39\/09<\/a><\/li>\r\n \t<li><strong>Pravilnik o ambala\u017ei i ambala\u017enom otpadu<\/strong>\r\nNarodne novine <a href=\"http:\/\/narodne-novine.nn.hr\/clanci\/sluzbeni\/289416.html\">97\/05<\/a>, <a href=\"http:\/\/narodne-novine.nn.hr\/clanci\/sluzbeni\/289618.html\">115\/05<\/a>, <a href=\"http:\/\/narodne-novine.nn.hr\/clanci\/sluzbeni\/340251.html\">81\/08<\/a>, <a href=\"http:\/\/narodne-novine.nn.hr\/clanci\/sluzbeni\/2009_03_31_683.html\">31\/09<\/a>, <a href=\"http:\/\/narodne-novine.nn.hr\/clanci\/sluzbeni\/2009_12_156_3893.html\">156\/09<\/a>, <a href=\"http:\/\/narodne-novine.nn.hr\/clanci\/sluzbeni\/2010_03_38_996.html\">38\/10<\/a>, <a href=\"http:\/\/narodne-novine.nn.hr\/clanci\/sluzbeni\/2011_01_10_207.html\">10\/11<\/a>,<a href=\"http:\/\/narodne-novine.nn.hr\/clanci\/sluzbeni\/2011_07_81_1750.html\">81\/11<\/a>, <a href=\"http:\/\/narodne-novine.nn.hr\/clanci\/sluzbeni\/2011_11_126_2545.html\">126\/11<\/a>, <a href=\"http:\/\/narodne-novine.nn.hr\/clanci\/sluzbeni\/2013_03_38_705.html\">38\/13<\/a>, <a href=\"http:\/\/narodne-novine.nn.hr\/clanci\/sluzbeni\/2013_07_86_1935.html\">86\/13<\/a><\/li>\r\n \t<li><strong>Odluka o uvjetima ozna\u010davanja ambala\u017ee<\/strong>\r\nNarodne novine <a href=\"http:\/\/narodne-novine.nn.hr\/clanci\/sluzbeni\/290548.html\">155\/05<\/a>, <a href=\"http:\/\/narodne-novine.nn.hr\/clanci\/sluzbeni\/126344.html\">24\/06<\/a>, <a href=\"http:\/\/narodne-novine.nn.hr\/clanci\/sluzbeni\/126436.html\">28\/06<\/a><\/li>\r\n \t<li><strong>Strategija gospodarenja otpadom Republike Hrvatske<\/strong>\r\nNarodne novine <a href=\"http:\/\/narodne-novine.nn.hr\/clanci\/sluzbeni\/289920.html\">130\/05<\/a><\/li>\r\n \t<li><strong>Pravilnik o mjerilima, postupku i na\u010dinu odre\u0111ivanja iznosa naknade vlasnicima nekretnina i jedinicama lokalne samouprave<\/strong>\r\nNarodne novine <a href=\"http:\/\/narodne-novine.nn.hr\/clanci\/sluzbeni\/127176.html\">59\/06<\/a>, <a href=\"http:\/\/narodne-novine.nn.hr\/clanci\/sluzbeni\/2012_10_109_2374.html\">109\/12<\/a><\/li>\r\n \t<li><strong>Pravilnik o gospodarenju medicinskim otpadom<\/strong>\r\nNarodne novine <a href=\"http:\/\/narodne-novine.nn.hr\/clanci\/sluzbeni\/298682.html\">72\/07<\/a><\/li>\r\n \t<li><strong>Plan gospodarenja otpadom u Republici Hrvatskoj za razdoblje 2007. \u2013 2015. godine<\/strong>\r\nNarodne novine<a href=\"http:\/\/narodne-novine.nn.hr\/clanci\/sluzbeni\/299087.html\">85\/07<\/a>, <a href=\"http:\/\/narodne-novine.nn.hr\/clanci\/sluzbeni\/2010_11_126_3261.html\">126\/10<\/a>, <a href=\"http:\/\/narodne-novine.nn.hr\/clanci\/sluzbeni\/2011_03_31_682.html\">31\/11<\/a><\/li>\r\n \t<li><strong>Pravilnik o na\u010dinima i uvjetima odlaganja otpada, kategorijama i uvjetima rada za odlagali\u0161ta otpada<\/strong>\r\nNarodne novine<a href=\"http:\/\/narodne-novine.nn.hr\/clanci\/sluzbeni\/329667.html\">117\/07<\/a>, <a href=\"http:\/\/narodne-novine.nn.hr\/clanci\/sluzbeni\/2011_09_111_2175.html\">111\/11<\/a>, <a href=\"http:\/\/narodne-novine.nn.hr\/clanci\/sluzbeni\/2013_02_17_289.html\">17\/13<\/a>, <a href=\"http:\/\/narodne-novine.nn.hr\/clanci\/sluzbeni\/2013_05_62_1249.html\">62\/13<\/a><\/li>\r\n \t<li><strong>Pravilnik o gospodarenju otpadom<\/strong>\r\nNarodne novine <a href=\"http:\/\/narodne-novine.nn.hr\/clanci\/sluzbeni\/2014_02_23_426.html\">23\/14<\/a>, <a href=\"http:\/\/narodne-novine.nn.hr\/clanci\/sluzbeni\/2014_04_51_992.html\">51\/14<\/a><\/li>\r\n<\/ul>\r\n\u00a0\r\n\r\n<!-- \/wp:html -->","footnotes":""},"class_list":["post-77","page","type-page","status-publish","hentry"],"_links":{"self":[{"href":"https:\/\/cistoca-imotske-krajine.hr\/cms\/wp-json\/wp\/v2\/pages\/77","targetHints":{"allow":["GET"]}}],"collection":[{"href":"https:\/\/cistoca-imotske-krajine.hr\/cms\/wp-json\/wp\/v2\/pages"}],"about":[{"href":"https:\/\/cistoca-imotske-krajine.hr\/cms\/wp-json\/wp\/v2\/types\/page"}],"author":[{"embeddable":true,"href":"https:\/\/cistoca-imotske-krajine.hr\/cms\/wp-json\/wp\/v2\/users\/1"}],"replies":[{"embeddable":true,"href":"https:\/\/cistoca-imotske-krajine.hr\/cms\/wp-json\/wp\/v2\/comments?post=77"}],"version-history":[{"count":11,"href":"https:\/\/cistoca-imotske-krajine.hr\/cms\/wp-json\/wp\/v2\/pages\/77\/revisions"}],"predecessor-version":[{"id":781,"href":"https:\/\/cistoca-imotske-krajine.hr\/cms\/wp-json\/wp\/v2\/pages\/77\/revisions\/781"}],"wp:attachment":[{"href":"https:\/\/cistoca-imotske-krajine.hr\/cms\/wp-json\/wp\/v2\/media?parent=77"}],"curies":[{"name":"wp","href":"https:\/\/api.w.org\/{rel}","templated":true}]}}