{"id":656,"date":"2023-02-01T13:08:30","date_gmt":"2023-02-01T13:08:30","guid":{"rendered":"https:\/\/cistoca-imotske-krajine.hr\/cms\/?page_id=656"},"modified":"2026-02-12T17:46:46","modified_gmt":"2026-02-12T17:46:46","slug":"arhiva","status":"publish","type":"page","link":"https:\/\/cistoca-imotske-krajine.hr\/cms\/arhiva\/","title":{"rendered":"Arhiva"},"content":{"rendered":"<p>[et_pb_section fb_built=&#8221;1&#8243; _builder_version=&#8221;3.19.18&#8243; use_background_color_gradient=&#8221;on&#8221; background_color_gradient_start=&#8221;#f7f7f7&#8243; background_color_gradient_end=&#8221;#88ed04&#8243; background_color_gradient_type=&#8221;radial&#8221; background_color_gradient_start_position=&#8221;30%&#8221;][et_pb_row _builder_version=&#8221;3.19.18&#8243;][et_pb_column type=&#8221;4_4&#8243; _builder_version=&#8221;3.0.47&#8243;][et_pb_blurb title=&#8221;PLAN NABAVE ZA 2025. GODINU&#8221; url=&#8221;https:\/\/cistoca-imotske-krajine.hr\/cms\/wp-content\/uploads\/2025\/03\/Plan-nabave-2025.xlsx&#8221; image=&#8221;https:\/\/cistoca-imotske-krajine.hr\/cms\/wp-content\/uploads\/2019\/03\/info-31185_640.png&#8221; icon_placement=&#8221;left&#8221; _builder_version=&#8221;3.19.18&#8243; header_font_size_phone=&#8221;14px&#8221; header_font_size_last_edited=&#8221;on|phone&#8221; link_option_url=&#8221;https:\/\/cistoca-imotske-krajine.hr\/cms\/wp-content\/uploads\/2025\/03\/Plan-nabave-2025.xlsx&#8221;][\/et_pb_blurb][et_pb_blurb title=&#8221;E SAVJETOVANJE O IZMJENI CJENIKA (5.11.2025.)&#8221; url=&#8221;https:\/\/cistoca-imotske-krajine.hr\/cms\/wp-content\/uploads\/2025\/12\/Zahtjev-za-suglasnost-na-izmjenu-cjenika-1.pdf&#8221; image=&#8221;https:\/\/cistoca-imotske-krajine.hr\/cms\/wp-content\/uploads\/2019\/03\/info-31185_640.png&#8221; icon_placement=&#8221;left&#8221; _builder_version=&#8221;3.19.18&#8243; header_font_size_phone=&#8221;14px&#8221; header_font_size_last_edited=&#8221;on|phone&#8221; link_option_url=&#8221;https:\/\/cistoca-imotske-krajine.hr\/cms\/wp-content\/uploads\/2025\/12\/Zahtjev-za-suglasnost-na-izmjenu-cjenika-1.pdf&#8221;][\/et_pb_blurb][et_pb_blurb title=&#8221;PLAN NABAVE ZA 2024. GODINU&#8221; url=&#8221;https:\/\/cistoca-imotske-krajine.hr\/cms\/wp-content\/uploads\/2024\/02\/PN.pdf&#8221; image=&#8221;https:\/\/cistoca-imotske-krajine.hr\/cms\/wp-content\/uploads\/2019\/03\/info-31185_640.png&#8221; icon_placement=&#8221;left&#8221; _builder_version=&#8221;3.19.18&#8243; header_font_size_phone=&#8221;14px&#8221; header_font_size_last_edited=&#8221;on|phone&#8221; link_option_url=&#8221;https:\/\/cistoca-imotske-krajine.hr\/cms\/wp-content\/uploads\/2024\/02\/PN.pdf&#8221;][\/et_pb_blurb][et_pb_blurb title=&#8221;PRAVILNIK O RADU S IZMJENAMA I DOPUNA&#8221; url=&#8221;https:\/\/cistoca-imotske-krajine.hr\/cms\/wp-content\/uploads\/2025\/02\/PRAVILNIK-O-RADU-S-IZMJENAMA-I-DOPUNAMA_compressed-1.pdf&#8221; image=&#8221;https:\/\/cistoca-imotske-krajine.hr\/cms\/wp-content\/uploads\/2019\/03\/info-31185_640.png&#8221; icon_placement=&#8221;left&#8221; _builder_version=&#8221;3.19.18&#8243; header_font_size_phone=&#8221;14px&#8221; header_font_size_last_edited=&#8221;on|phone&#8221;][\/et_pb_blurb][et_pb_blurb title=&#8221;PRAVILNIK O NABAVI ROBA I USLUGA MANJE VRIJEDNOSTI&#8221; url=&#8221;https:\/\/cistoca-imotske-krajine.hr\/cms\/wp-content\/uploads\/2025\/02\/PRAVILNIK-O-NABAVI-ROBA-I-USLUGA-MALE-VRIJEDNOSTI.pdf&#8221; image=&#8221;https:\/\/cistoca-imotske-krajine.hr\/cms\/wp-content\/uploads\/2019\/03\/info-31185_640.png&#8221; icon_placement=&#8221;left&#8221; _builder_version=&#8221;3.19.18&#8243; header_font_size_phone=&#8221;14px&#8221; header_font_size_last_edited=&#8221;on|phone&#8221;][\/et_pb_blurb][et_pb_blurb title=&#8221;PRAVILNIK O RADU RECIKLA\u017dNOG DVORI\u0160TA&#8221; url=&#8221;https:\/\/cistoca-imotske-krajine.hr\/cms\/wp-content\/uploads\/2025\/02\/PRAVILNIK-O-RADU-RECIKLAZNOG-DVORISTA.pdf&#8221; image=&#8221;https:\/\/cistoca-imotske-krajine.hr\/cms\/wp-content\/uploads\/2019\/03\/info-31185_640.png&#8221; icon_placement=&#8221;left&#8221; _builder_version=&#8221;3.19.18&#8243; header_font_size_phone=&#8221;14px&#8221; header_font_size_last_edited=&#8221;on|phone&#8221;][\/et_pb_blurb][et_pb_blurb title=&#8221;VA\u017dE\u0106I CJENIK ZA KORISNIKE UGOSTITELJSKIH USLUGA U DOMA\u0106INSTVU (3) I PRAVNE OSOBE, OBRTNIKE, USTANOVE I DRUGE GOSPODARSKE SUBJEKTE (4)&#8221; url=&#8221;https:\/\/cistoca-imotske-krajine.hr\/cms\/wp-content\/uploads\/2020\/10\/VA\u017dE\u0106I-CJENIK-ZA-KORISNIKE-UGOSTITELJSKIH-USLUGA-U-DOMA\u0106INSTVU-3-I-PRAVNE-OSOBE-OBRTNIKE-USTANOVE-I-DRUGE-GOSPODARSKE-SUBJEKTE-4.pdf&#8221; image=&#8221;https:\/\/cistoca-imotske-krajine.hr\/cms\/wp-content\/uploads\/2019\/03\/info-31185_640.png&#8221; icon_placement=&#8221;left&#8221; _builder_version=&#8221;3.19.18&#8243; header_font_size_phone=&#8221;14px&#8221; header_font_size_last_edited=&#8221;on|phone&#8221;][\/et_pb_blurb][et_pb_blurb title=&#8221;SUGLASNOSTI I O\u010cITOVANJA NA CJENIK  ZA KATEGORIJU KOJA NIJE KU\u0106ANSTVO&#8221; url=&#8221;https:\/\/cistoca-imotske-krajine.hr\/cms\/wp-content\/uploads\/2023\/05\/OSNIVACI-SUGLASNOSTI-I-OCITOVANJA-NA-CJENIK-ZA-KATEGORIJU-KOJA-NIJE-KUCANSTVO.pdf&#8221; image=&#8221;https:\/\/cistoca-imotske-krajine.hr\/cms\/wp-content\/uploads\/2019\/03\/info-31185_640.png&#8221; icon_placement=&#8221;left&#8221; _builder_version=&#8221;3.19.18&#8243; header_font_size_phone=&#8221;14px&#8221; header_font_size_last_edited=&#8221;on|phone&#8221;][\/et_pb_blurb][et_pb_blurb title=&#8221;PRIJEDLOG CJENIKA USLUGE PRIKUPLJANJA MIJE\u0160ANOG KOMUNALNOG OTPADA ZA KU\u0106ANSTVO&#8221; url=&#8221;https:\/\/cistoca-imotske-krajine.hr\/cms\/prijedlog-cjenika-usluge\/&#8221; image=&#8221;https:\/\/cistoca-imotske-krajine.hr\/cms\/wp-content\/uploads\/2019\/03\/info-31185_640.png&#8221; icon_placement=&#8221;left&#8221; _builder_version=&#8221;3.19.18&#8243; header_font_size_phone=&#8221;14px&#8221; header_font_size_last_edited=&#8221;on|phone&#8221;][\/et_pb_blurb][et_pb_blurb title=&#8221;DOZVOLA ZA GOSPODARENJE OTPADOM&#8221; url=&#8221;https:\/\/cistoca-imotske-krajine.hr\/cms\/wp-content\/uploads\/2024\/12\/DOZVOLA-ZA-GOSPODARENJE-OTPADOM.pdf&#8221; url_new_window=&#8221;on&#8221; image=&#8221;https:\/\/cistoca-imotske-krajine.hr\/cms\/wp-content\/uploads\/2019\/03\/info-31185_640.png&#8221; icon_placement=&#8221;left&#8221; _builder_version=&#8221;3.19.18&#8243; header_font_size_phone=&#8221;14px&#8221; header_font_size_last_edited=&#8221;on|phone&#8221;][\/et_pb_blurb][et_pb_blurb title=&#8221;PLAN NABAVE ZA 2022. GODINU&#8221; url=&#8221;https:\/\/cistoca-imotske-krajine.hr\/cms\/wp-content\/uploads\/2022\/10\/PLAN-NABAVE-ZA-2022-OBJAVLJENI-PLAN-1.docx&#8221; image=&#8221;https:\/\/cistoca-imotske-krajine.hr\/cms\/wp-content\/uploads\/2019\/03\/info-31185_640.png&#8221; icon_placement=&#8221;left&#8221; _builder_version=&#8221;3.19.18&#8243; header_font_size_phone=&#8221;14px&#8221; header_font_size_last_edited=&#8221;on|phone&#8221;][\/et_pb_blurb][et_pb_blurb title=&#8221;PLAN NABAVE ZA 2021. GODINU&#8221; url=&#8221;https:\/\/cistoca-imotske-krajine.hr\/cms\/wp-content\/uploads\/2021\/04\/Plan-nabave-2021.pdf&#8221; url_new_window=&#8221;on&#8221; image=&#8221;https:\/\/cistoca-imotske-krajine.hr\/cms\/wp-content\/uploads\/2019\/03\/info-31185_640.png&#8221; icon_placement=&#8221;left&#8221; _builder_version=&#8221;3.19.18&#8243; header_font_size_phone=&#8221;14px&#8221; header_font_size_last_edited=&#8221;on|phone&#8221;][\/et_pb_blurb][et_pb_blurb title=&#8221;CJENIK JAVNE USLUGE PRIKUPLJANJA MIJE\u0160ANOG KOMUNALNOG OTPADA I BIORAZGRADIVOG OTPADA &#8221; url=&#8221;https:\/\/cistoca-imotske-krajine.hr\/cms\/wp-content\/uploads\/2020\/10\/Cjenik-javne-usluge-prikupljanja-mije\u0161anog-komunalnog-i-biorazgradivog-otpada-za-doma\u0107instva-povremene-i-povla\u0161tene-korisnike.pdf&#8221; url_new_window=&#8221;on&#8221; image=&#8221;https:\/\/cistoca-imotske-krajine.hr\/cms\/wp-content\/uploads\/2019\/03\/info-31185_640.png&#8221; icon_placement=&#8221;left&#8221; _builder_version=&#8221;3.19.18&#8243; header_font_size_phone=&#8221;14px&#8221; header_font_size_last_edited=&#8221;on|phone&#8221;][\/et_pb_blurb][et_pb_blurb title=&#8221;CJENIK USLUGA ZA DOMA\u0106INSTVA&#8221; url=&#8221;https:\/\/cistoca-imotske-krajine.hr\/cms\/wp-content\/uploads\/2022\/09\/IZVADAK-IZ-CJENIKA-Konverzija-u-eurima.pdf&#8221; url_new_window=&#8221;on&#8221; image=&#8221;https:\/\/cistoca-imotske-krajine.hr\/cms\/wp-content\/uploads\/2019\/03\/info-31185_640.png&#8221; icon_placement=&#8221;left&#8221; _builder_version=&#8221;3.19.18&#8243; header_font_size_phone=&#8221;14px&#8221; header_font_size_last_edited=&#8221;on|phone&#8221;][\/et_pb_blurb][et_pb_blurb title=&#8221;O\u010cITOVANJE O PREDLO\u017dENOM CJENIKU PRIKUPLJANJA MIJE\u0160ANOG KOMUNALNOG OTPADA ZA KU\u0106ANSTVO&#8221; url=&#8221;https:\/\/cistoca-imotske-krajine.hr\/cms\/wp-content\/uploads\/2023\/02\/CJENIK-2023.-DOKUMENTACIJA_compressed-1.pdf&#8221; url_new_window=&#8221;on&#8221; image=&#8221;https:\/\/cistoca-imotske-krajine.hr\/cms\/wp-content\/uploads\/2019\/03\/info-31185_640.png&#8221; icon_placement=&#8221;left&#8221; _builder_version=&#8221;3.19.18&#8243; header_font_size_phone=&#8221;14px&#8221; header_font_size_last_edited=&#8221;on|phone&#8221;][\/et_pb_blurb][\/et_pb_column][\/et_pb_row][\/et_pb_section][et_pb_section fb_built=&#8221;1&#8243; _builder_version=&#8221;3.19.18&#8243; use_background_color_gradient=&#8221;on&#8221; background_color_gradient_start=&#8221;#f7f7f7&#8243; background_color_gradient_end=&#8221;#88ed04&#8243; background_color_gradient_type=&#8221;radial&#8221; background_color_gradient_start_position=&#8221;30%&#8221;][\/et_pb_section]<\/p>\n","protected":false},"excerpt":{"rendered":"<p>[et_pb_section fb_built=&#8221;1&#8243; _builder_version=&#8221;3.19.18&#8243; use_background_color_gradient=&#8221;on&#8221; background_color_gradient_start=&#8221;#f7f7f7&#8243; background_color_gradient_end=&#8221;#88ed04&#8243; background_color_gradient_type=&#8221;radial&#8221; background_color_gradient_start_position=&#8221;30%&#8221;][et_pb_row _builder_version=&#8221;3.19.18&#8243;][et_pb_column type=&#8221;4_4&#8243; _builder_version=&#8221;3.0.47&#8243;][et_pb_blurb title=&#8221;PLAN NABAVE ZA 2025. GODINU&#8221; url=&#8221;https:\/\/cistoca-imotske-krajine.hr\/cms\/wp-content\/uploads\/2025\/03\/Plan-nabave-2025.xlsx&#8221; image=&#8221;https:\/\/cistoca-imotske-krajine.hr\/cms\/wp-content\/uploads\/2019\/03\/info-31185_640.png&#8221; icon_placement=&#8221;left&#8221; _builder_version=&#8221;3.19.18&#8243; header_font_size_phone=&#8221;14px&#8221; header_font_size_last_edited=&#8221;on|phone&#8221; link_option_url=&#8221;https:\/\/cistoca-imotske-krajine.hr\/cms\/wp-content\/uploads\/2025\/03\/Plan-nabave-2025.xlsx&#8221;][\/et_pb_blurb][et_pb_blurb title=&#8221;E SAVJETOVANJE O IZMJENI CJENIKA (5.11.2025.)&#8221; url=&#8221;https:\/\/cistoca-imotske-krajine.hr\/cms\/wp-content\/uploads\/2025\/12\/Zahtjev-za-suglasnost-na-izmjenu-cjenika-1.pdf&#8221; image=&#8221;https:\/\/cistoca-imotske-krajine.hr\/cms\/wp-content\/uploads\/2019\/03\/info-31185_640.png&#8221; icon_placement=&#8221;left&#8221; _builder_version=&#8221;3.19.18&#8243; header_font_size_phone=&#8221;14px&#8221; header_font_size_last_edited=&#8221;on|phone&#8221; link_option_url=&#8221;https:\/\/cistoca-imotske-krajine.hr\/cms\/wp-content\/uploads\/2025\/12\/Zahtjev-za-suglasnost-na-izmjenu-cjenika-1.pdf&#8221;][\/et_pb_blurb][et_pb_blurb title=&#8221;PLAN NABAVE ZA 2024. GODINU&#8221; url=&#8221;https:\/\/cistoca-imotske-krajine.hr\/cms\/wp-content\/uploads\/2024\/02\/PN.pdf&#8221; image=&#8221;https:\/\/cistoca-imotske-krajine.hr\/cms\/wp-content\/uploads\/2019\/03\/info-31185_640.png&#8221; icon_placement=&#8221;left&#8221; _builder_version=&#8221;3.19.18&#8243; header_font_size_phone=&#8221;14px&#8221; header_font_size_last_edited=&#8221;on|phone&#8221; link_option_url=&#8221;https:\/\/cistoca-imotske-krajine.hr\/cms\/wp-content\/uploads\/2024\/02\/PN.pdf&#8221;][\/et_pb_blurb][et_pb_blurb title=&#8221;PRAVILNIK O RADU S IZMJENAMA I DOPUNA&#8221; [&hellip;]<\/p>\n","protected":false},"author":1,"featured_media":0,"parent":0,"menu_order":0,"comment_status":"closed","ping_status":"closed","template":"","meta":{"_et_pb_use_builder":"on","_et_pb_old_content":"","footnotes":""},"class_list":["post-656","page","type-page","status-publish","hentry"],"_links":{"self":[{"href":"https:\/\/cistoca-imotske-krajine.hr\/cms\/wp-json\/wp\/v2\/pages\/656","targetHints":{"allow":["GET"]}}],"collection":[{"href":"https:\/\/cistoca-imotske-krajine.hr\/cms\/wp-json\/wp\/v2\/pages"}],"about":[{"href":"https:\/\/cistoca-imotske-krajine.hr\/cms\/wp-json\/wp\/v2\/types\/page"}],"author":[{"embeddable":true,"href":"https:\/\/cistoca-imotske-krajine.hr\/cms\/wp-json\/wp\/v2\/users\/1"}],"replies":[{"embeddable":true,"href":"https:\/\/cistoca-imotske-krajine.hr\/cms\/wp-json\/wp\/v2\/comments?post=656"}],"version-history":[{"count":12,"href":"https:\/\/cistoca-imotske-krajine.hr\/cms\/wp-json\/wp\/v2\/pages\/656\/revisions"}],"predecessor-version":[{"id":959,"href":"https:\/\/cistoca-imotske-krajine.hr\/cms\/wp-json\/wp\/v2\/pages\/656\/revisions\/959"}],"wp:attachment":[{"href":"https:\/\/cistoca-imotske-krajine.hr\/cms\/wp-json\/wp\/v2\/media?parent=656"}],"curies":[{"name":"wp","href":"https:\/\/api.w.org\/{rel}","templated":true}]}}