{"id":65,"date":"2019-03-05T13:35:37","date_gmt":"2019-03-05T13:35:37","guid":{"rendered":"https:\/\/cistoca-imotske-krajine.hr\/cms\/?page_id=65"},"modified":"2024-06-20T08:30:07","modified_gmt":"2024-06-20T08:30:07","slug":"kontakt","status":"publish","type":"page","link":"https:\/\/cistoca-imotske-krajine.hr\/cms\/kontakt\/","title":{"rendered":"Kontakt"},"content":{"rendered":"<p>[et_pb_section fb_built=&#8221;1&#8243; _builder_version=&#8221;3.19.18&#8243; use_background_color_gradient=&#8221;on&#8221; background_color_gradient_start=&#8221;#f7f7f7&#8243; background_color_gradient_end=&#8221;#ffffff&#8221; background_color_gradient_type=&#8221;radial&#8221; background_color_gradient_start_position=&#8221;30%&#8221;][et_pb_row _builder_version=&#8221;3.19.18&#8243;][et_pb_column type=&#8221;1_3&#8243; _builder_version=&#8221;3.19.18&#8243;][et_pb_text _builder_version=&#8221;3.19.18&#8243;]<\/p>\n<p><strong>\u010cISTO\u0106A IMOTSKE KRAJINE d.o.o.<\/strong><\/p>\n<p> \u0160etali\u0161te Stjepana Radi\u0107a 22, 21 260 Imotski<\/p>\n<p>IBAN: HR1024070001100437519 \/ OTP\u00a0<\/p>\n<p>HR3623600001102906115 \/ Zag. banka<\/p>\n<p>MB: 4470354; MBS: 060337864<br \/> OIB: 50922695010<\/p>\n<p>Telefon: 021 \/ 540 037 ili 021 \/540 038<\/p>\n<p>E-mail:<\/p>\n<p><a href=\"mailto:cistoca@imkr.eu\">cistoca@imkr.eu<\/a><\/p>\n<p><a href=\"mailto:cistocaimotskekrajine@gmail.com\">cistocaimotskekrajine@gmail.com<\/a><\/p>\n<p>Web: cistoca-imotske-krajine.hr<\/p>\n<p>[\/et_pb_text][\/et_pb_column][et_pb_column type=&#8221;2_3&#8243; _builder_version=&#8221;3.19.18&#8243;][et_pb_image src=&#8221;https:\/\/cistoca-imotske-krajine.hr\/cms\/wp-content\/uploads\/2024\/06\/o_26109569_1280.webp&#8221; _builder_version=&#8221;3.19.18&#8243;][\/et_pb_image][\/et_pb_column][\/et_pb_row][\/et_pb_section]<\/p>\n","protected":false},"excerpt":{"rendered":"<p>[et_pb_section fb_built=&#8221;1&#8243; _builder_version=&#8221;3.19.18&#8243; use_background_color_gradient=&#8221;on&#8221; background_color_gradient_start=&#8221;#f7f7f7&#8243; background_color_gradient_end=&#8221;#ffffff&#8221; background_color_gradient_type=&#8221;radial&#8221; background_color_gradient_start_position=&#8221;30%&#8221;][et_pb_row _builder_version=&#8221;3.19.18&#8243;][et_pb_column type=&#8221;1_3&#8243; _builder_version=&#8221;3.19.18&#8243;][et_pb_text _builder_version=&#8221;3.19.18&#8243;] \u010cISTO\u0106A IMOTSKE KRAJINE d.o.o. \u0160etali\u0161te Stjepana Radi\u0107a 22, 21 260 Imotski IBAN: HR1024070001100437519 \/ OTP\u00a0 HR3623600001102906115 \/ Zag. banka MB: 4470354; MBS: 060337864 OIB: 50922695010 Telefon: 021 \/ 540 037 ili 021 \/540 038 E-mail: cistoca@imkr.eu cistocaimotskekrajine@gmail.com Web: cistoca-imotske-krajine.hr [\/et_pb_text][\/et_pb_column][et_pb_column type=&#8221;2_3&#8243; _builder_version=&#8221;3.19.18&#8243;][et_pb_image src=&#8221;https:\/\/cistoca-imotske-krajine.hr\/cms\/wp-content\/uploads\/2024\/06\/o_26109569_1280.webp&#8221; [&hellip;]<\/p>\n","protected":false},"author":1,"featured_media":0,"parent":0,"menu_order":0,"comment_status":"closed","ping_status":"closed","template":"","meta":{"_et_pb_use_builder":"on","_et_pb_old_content":"<!-- wp:paragraph -->\r\n<p><strong><style type=\"text\/css\"><\/strong><\/p>\r\n<!-- \/wp:paragraph --><!-- wp:paragraph -->\r\n<p><strong>.content.row ul li:before {<br \/><\/strong><\/p>\r\n<!-- \/wp:paragraph --><!-- wp:paragraph -->\r\n<p><strong>display: none;<br \/><\/strong><\/p>\r\n<!-- \/wp:paragraph --><!-- wp:paragraph -->\r\n<p><strong>}<br \/><\/strong><\/p>\r\n<!-- \/wp:paragraph --><!-- wp:paragraph -->\r\n<p><strong>.content.row ul li { padding-left: 0; }<br \/><\/strong><\/p>\r\n<!-- \/wp:paragraph --><!-- wp:paragraph -->\r\n<p><strong><\/style><\/strong><\/p>\r\n<!-- \/wp:paragraph --><!-- wp:paragraph -->\r\n<p><strong>\u00a0<\/strong><\/p>\r\n<!-- \/wp:paragraph --><!-- wp:paragraph -->\r\n<p><strong>Kontaktirajte nas putem online formulara:<\/strong><\/p>\r\n<!-- \/wp:paragraph --><!-- wp:paragraph -->\r\n<p><strong>[gravityform id=\"1\" title=\"false\" description=\"false\" ajax=\"true\"]<\/strong><\/p>\r\n<!-- \/wp:paragraph -->","footnotes":""},"class_list":["post-65","page","type-page","status-publish","hentry"],"_links":{"self":[{"href":"https:\/\/cistoca-imotske-krajine.hr\/cms\/wp-json\/wp\/v2\/pages\/65","targetHints":{"allow":["GET"]}}],"collection":[{"href":"https:\/\/cistoca-imotske-krajine.hr\/cms\/wp-json\/wp\/v2\/pages"}],"about":[{"href":"https:\/\/cistoca-imotske-krajine.hr\/cms\/wp-json\/wp\/v2\/types\/page"}],"author":[{"embeddable":true,"href":"https:\/\/cistoca-imotske-krajine.hr\/cms\/wp-json\/wp\/v2\/users\/1"}],"replies":[{"embeddable":true,"href":"https:\/\/cistoca-imotske-krajine.hr\/cms\/wp-json\/wp\/v2\/comments?post=65"}],"version-history":[{"count":19,"href":"https:\/\/cistoca-imotske-krajine.hr\/cms\/wp-json\/wp\/v2\/pages\/65\/revisions"}],"predecessor-version":[{"id":816,"href":"https:\/\/cistoca-imotske-krajine.hr\/cms\/wp-json\/wp\/v2\/pages\/65\/revisions\/816"}],"wp:attachment":[{"href":"https:\/\/cistoca-imotske-krajine.hr\/cms\/wp-json\/wp\/v2\/media?parent=65"}],"curies":[{"name":"wp","href":"https:\/\/api.w.org\/{rel}","templated":true}]}}