{"id":628,"date":"2022-12-07T16:16:46","date_gmt":"2022-12-07T16:16:46","guid":{"rendered":"https:\/\/cistoca-imotske-krajine.hr\/cms\/?page_id=628"},"modified":"2022-12-08T16:28:48","modified_gmt":"2022-12-08T16:28:48","slug":"prijedlog-cjenika-usluge","status":"publish","type":"page","link":"https:\/\/cistoca-imotske-krajine.hr\/cms\/prijedlog-cjenika-usluge\/","title":{"rendered":"Prijedlog cjenika usluge"},"content":{"rendered":"<p>Temeljem \u010dlanka 77. st. 3 Zakona o odr\u017eivom gospodarenju otpadom, \u010cisto\u0107a Imotske krajine, 4.11.2022. godine objavljuje<\/p>\n<p><a href=\"https:\/\/cistoca-imotske-krajine.hr\/cms\/wp-content\/uploads\/2022\/12\/PRIJEDLOG-CJENIKA-USLUGE-PRIKUPLJANJA-MIJESANOG-KOMUNALNOG-OTPADA-ZA-KUCANSTVO_rotated.pdf\">Prijedlog cjenika usluge prikupljanja mije\u0161anog komunalnog otpada za ku\u0107anstvo\u00a0 <\/a>poradi javnog savjetovanja koje traje do 9.12.2022..<\/p>\n","protected":false},"excerpt":{"rendered":"<p>Temeljem \u010dlanka 77. st. 3 Zakona o odr\u017eivom gospodarenju otpadom, \u010cisto\u0107a Imotske krajine, 4.11.2022. godine objavljuje Prijedlog cjenika usluge prikupljanja mije\u0161anog komunalnog otpada za ku\u0107anstvo\u00a0 poradi javnog savjetovanja koje traje do 9.12.2022..<\/p>\n","protected":false},"author":1,"featured_media":0,"parent":0,"menu_order":0,"comment_status":"closed","ping_status":"closed","template":"","meta":{"_et_pb_use_builder":"","_et_pb_old_content":"","footnotes":""},"class_list":["post-628","page","type-page","status-publish","hentry"],"_links":{"self":[{"href":"https:\/\/cistoca-imotske-krajine.hr\/cms\/wp-json\/wp\/v2\/pages\/628","targetHints":{"allow":["GET"]}}],"collection":[{"href":"https:\/\/cistoca-imotske-krajine.hr\/cms\/wp-json\/wp\/v2\/pages"}],"about":[{"href":"https:\/\/cistoca-imotske-krajine.hr\/cms\/wp-json\/wp\/v2\/types\/page"}],"author":[{"embeddable":true,"href":"https:\/\/cistoca-imotske-krajine.hr\/cms\/wp-json\/wp\/v2\/users\/1"}],"replies":[{"embeddable":true,"href":"https:\/\/cistoca-imotske-krajine.hr\/cms\/wp-json\/wp\/v2\/comments?post=628"}],"version-history":[{"count":3,"href":"https:\/\/cistoca-imotske-krajine.hr\/cms\/wp-json\/wp\/v2\/pages\/628\/revisions"}],"predecessor-version":[{"id":634,"href":"https:\/\/cistoca-imotske-krajine.hr\/cms\/wp-json\/wp\/v2\/pages\/628\/revisions\/634"}],"wp:attachment":[{"href":"https:\/\/cistoca-imotske-krajine.hr\/cms\/wp-json\/wp\/v2\/media?parent=628"}],"curies":[{"name":"wp","href":"https:\/\/api.w.org\/{rel}","templated":true}]}}