{"id":60,"date":"2019-03-05T13:01:43","date_gmt":"2019-03-05T13:01:43","guid":{"rendered":"https:\/\/cistoca-imotske-krajine.hr\/cms\/?page_id=60"},"modified":"2026-02-26T14:42:11","modified_gmt":"2026-02-26T14:42:11","slug":"info-servis","status":"publish","type":"page","link":"https:\/\/cistoca-imotske-krajine.hr\/cms\/info-servis\/","title":{"rendered":"Info servis"},"content":{"rendered":"<p>[et_pb_section fb_built=&#8221;1&#8243; _builder_version=&#8221;3.19.18&#8243; use_background_color_gradient=&#8221;on&#8221; background_color_gradient_start=&#8221;#f7f7f7&#8243; background_color_gradient_end=&#8221;#ffffff&#8221; background_color_gradient_type=&#8221;radial&#8221; background_color_gradient_start_position=&#8221;30%&#8221;][et_pb_row _builder_version=&#8221;3.19.18&#8243;][et_pb_column type=&#8221;4_4&#8243; _builder_version=&#8221;3.0.47&#8243;][et_pb_blurb title=&#8221;CJENIK USLUGE PRIKUPLJANJA KOMUNALNOG OTPADA NA PODRU\u010cJU OP\u0106INA: CISTA PROVO, LOKVI\u010cI\u0106I, LOVRE\u0106, PODBABLJE, PROLO\u017dAC, RUNOVI\u0106, ZAGVOZD I ZMIJAVCI OD 1.01.2026.&#8221; url=&#8221;https:\/\/cistoca-imotske-krajine.hr\/cms\/wp-content\/uploads\/2026\/02\/CJENIK-USLUGE-OD-01.01.2026.pdf&#8221; url_new_window=&#8221;on&#8221; image=&#8221;https:\/\/cistoca-imotske-krajine.hr\/cms\/wp-content\/uploads\/2019\/03\/info-31185_640.png&#8221; icon_placement=&#8221;left&#8221; _builder_version=&#8221;3.19.18&#8243; header_font_size_phone=&#8221;14px&#8221; header_font_size_last_edited=&#8221;on|phone&#8221; link_option_url=&#8221;https:\/\/cistoca-imotske-krajine.hr\/cms\/wp-content\/uploads\/2026\/02\/CJENIK-USLUGE-OD-01.01.2026.pdf&#8221; link_option_url_new_window=&#8221;on&#8221;][\/et_pb_blurb][et_pb_blurb title=&#8221;PLAN NABAVE ZA 2026. GODINU&#8221; image=&#8221;https:\/\/cistoca-imotske-krajine.hr\/cms\/wp-content\/uploads\/2019\/03\/info-31185_640.png&#8221; icon_placement=&#8221;left&#8221; _builder_version=&#8221;3.19.18&#8243; header_font_size_phone=&#8221;14px&#8221; header_font_size_last_edited=&#8221;on|phone&#8221; link_option_url=&#8221;https:\/\/cistoca-imotske-krajine.hr\/cms\/wp-content\/uploads\/2026\/02\/Plan-nabave.xlsx&#8221;][\/et_pb_blurb][et_pb_blurb title=&#8221;OBAVIJEST O NA\u010cINU PODNO\u0160ENJA PRIGOVORA ILI REKLAMACIJE&#8221; url=&#8221;https:\/\/cistoca-imotske-krajine.hr\/cms\/obavijest-o-nacinu-podnosenja-prigovora-ili-reklamacije\/&#8221; image=&#8221;https:\/\/cistoca-imotske-krajine.hr\/cms\/wp-content\/uploads\/2019\/03\/info-31185_640.png&#8221; icon_placement=&#8221;left&#8221; _builder_version=&#8221;3.19.18&#8243; header_font_size_phone=&#8221;14px&#8221; header_font_size_last_edited=&#8221;on|phone&#8221;][\/et_pb_blurb][et_pb_blurb title=&#8221;OBAVIJEST O NEPOSTOJANJU SUKOBA INTERESA&#8221; url=&#8221;https:\/\/cistoca-imotske-krajine.hr\/cms\/wp-content\/uploads\/2022\/04\/OBAVIJEST-O-NEPOSTOJANJU-SUKOBA-INTERESA.docx&#8221; image=&#8221;https:\/\/cistoca-imotske-krajine.hr\/cms\/wp-content\/uploads\/2019\/03\/info-31185_640.png&#8221; icon_placement=&#8221;left&#8221; _builder_version=&#8221;3.19.18&#8243; header_font_size_phone=&#8221;14px&#8221; header_font_size_last_edited=&#8221;on|phone&#8221;][\/et_pb_blurb][et_pb_blurb title=&#8221;PRAVILNIK O NABAVI ROBA I USLUGA MALE VRIJEDNOSTI &#8221; url=&#8221;https:\/\/cistoca-imotske-krajine.hr\/cms\/wp-content\/uploads\/2026\/02\/PRAVILNIK-O-PROVEDBI-POSTUPKA-JEDNOSTAVNE-NABAVE.pdf&#8221; url_new_window=&#8221;on&#8221; image=&#8221;https:\/\/cistoca-imotske-krajine.hr\/cms\/wp-content\/uploads\/2019\/03\/info-31185_640.png&#8221; icon_placement=&#8221;left&#8221; image_max_width_last_edited=&#8221;on|phone&#8221; _builder_version=&#8221;3.19.18&#8243; header_font_size_phone=&#8221;14px&#8221; header_font_size_last_edited=&#8221;on|phone&#8221; link_option_url=&#8221;https:\/\/cistoca-imotske-krajine.hr\/cms\/wp-content\/uploads\/2026\/02\/PRAVILNIK-O-PROVEDBI-POSTUPKA-JEDNOSTAVNE-NABAVE.pdf&#8221;][\/et_pb_blurb][et_pb_blurb title=&#8221;IZJAVA O ZA\u0160TITI PODATAKA&#8221; url=&#8221;https:\/\/cistoca-imotske-krajine.hr\/cms\/wp-content\/uploads\/2019\/03\/gdpr.pdf&#8221; url_new_window=&#8221;on&#8221; image=&#8221;https:\/\/cistoca-imotske-krajine.hr\/cms\/wp-content\/uploads\/2019\/03\/info-31185_640.png&#8221; icon_placement=&#8221;left&#8221; _builder_version=&#8221;3.19.18&#8243; header_font=&#8221;||||||||&#8221; header_font_size_phone=&#8221;14px&#8221; header_font_size_last_edited=&#8221;on|desktop&#8221;][\/et_pb_blurb][et_pb_blurb title=&#8221;IZJAVA O PRISTUPA\u010cNOSTI&#8221; url=&#8221;https:\/\/cistoca-imotske-krajine.hr\/cms\/wp-content\/uploads\/2020\/09\/Izjava-o-pristupacnosti.pdf&#8221; url_new_window=&#8221;on&#8221; image=&#8221;https:\/\/cistoca-imotske-krajine.hr\/cms\/wp-content\/uploads\/2019\/03\/info-31185_640.png&#8221; icon_placement=&#8221;left&#8221; _builder_version=&#8221;3.19.18&#8243; header_font=&#8221;||||||||&#8221; header_font_size_phone=&#8221;14px&#8221; header_font_size_last_edited=&#8221;on|desktop&#8221;][\/et_pb_blurb][et_pb_divider show_divider=&#8221;off&#8221; height=&#8221;77px&#8221; _builder_version=&#8221;3.19.18&#8243;][\/et_pb_divider][et_pb_blurb title=&#8221;ARHIVIRANA DOKUMENTACIJA&#8221; url=&#8221;https:\/\/cistoca-imotske-krajine.hr\/cms\/arhiva\/&#8221; icon_placement=&#8221;left&#8221; _builder_version=&#8221;3.19.18&#8243; header_level=&#8221;h3&#8243; header_font=&#8221;|700|||||||&#8221; header_text_align=&#8221;center&#8221; header_font_size=&#8221;22px&#8221; header_font_size_phone=&#8221;14px&#8221; header_font_size_last_edited=&#8221;on|desktop&#8221; border_radii=&#8221;on|3px|3px|3px|3px&#8221; border_width_all=&#8221;5px&#8221; border_color_all=&#8221;#04e504&#8243; text_orientation=&#8221;center&#8221; link_option_url=&#8221;https:\/\/cistoca-imotske-krajine.hr\/cms\/arhiva\/&#8221;][\/et_pb_blurb][\/et_pb_column][\/et_pb_row][\/et_pb_section]<\/p>\n","protected":false},"excerpt":{"rendered":"<p>[et_pb_section fb_built=&#8221;1&#8243; _builder_version=&#8221;3.19.18&#8243; use_background_color_gradient=&#8221;on&#8221; background_color_gradient_start=&#8221;#f7f7f7&#8243; background_color_gradient_end=&#8221;#ffffff&#8221; background_color_gradient_type=&#8221;radial&#8221; background_color_gradient_start_position=&#8221;30%&#8221;][et_pb_row _builder_version=&#8221;3.19.18&#8243;][et_pb_column type=&#8221;4_4&#8243; _builder_version=&#8221;3.0.47&#8243;][et_pb_blurb title=&#8221;CJENIK USLUGE PRIKUPLJANJA KOMUNALNOG OTPADA NA PODRU\u010cJU OP\u0106INA: CISTA PROVO, LOKVI\u010cI\u0106I, LOVRE\u0106, PODBABLJE, PROLO\u017dAC, RUNOVI\u0106, ZAGVOZD I ZMIJAVCI OD 1.01.2026.&#8221; url=&#8221;https:\/\/cistoca-imotske-krajine.hr\/cms\/wp-content\/uploads\/2026\/02\/CJENIK-USLUGE-OD-01.01.2026.pdf&#8221; url_new_window=&#8221;on&#8221; image=&#8221;https:\/\/cistoca-imotske-krajine.hr\/cms\/wp-content\/uploads\/2019\/03\/info-31185_640.png&#8221; icon_placement=&#8221;left&#8221; _builder_version=&#8221;3.19.18&#8243; header_font_size_phone=&#8221;14px&#8221; header_font_size_last_edited=&#8221;on|phone&#8221; link_option_url=&#8221;https:\/\/cistoca-imotske-krajine.hr\/cms\/wp-content\/uploads\/2026\/02\/CJENIK-USLUGE-OD-01.01.2026.pdf&#8221; link_option_url_new_window=&#8221;on&#8221;][\/et_pb_blurb][et_pb_blurb title=&#8221;PLAN NABAVE ZA 2026. GODINU&#8221; image=&#8221;https:\/\/cistoca-imotske-krajine.hr\/cms\/wp-content\/uploads\/2019\/03\/info-31185_640.png&#8221; icon_placement=&#8221;left&#8221; _builder_version=&#8221;3.19.18&#8243; header_font_size_phone=&#8221;14px&#8221; header_font_size_last_edited=&#8221;on|phone&#8221; link_option_url=&#8221;https:\/\/cistoca-imotske-krajine.hr\/cms\/wp-content\/uploads\/2026\/02\/Plan-nabave.xlsx&#8221;][\/et_pb_blurb][et_pb_blurb title=&#8221;OBAVIJEST O NA\u010cINU PODNO\u0160ENJA [&hellip;]<\/p>\n","protected":false},"author":1,"featured_media":0,"parent":0,"menu_order":0,"comment_status":"closed","ping_status":"closed","template":"","meta":{"_et_pb_use_builder":"on","_et_pb_old_content":"<!-- wp:html -->\r\n<p><a href=\"https:\/\/cistoca-imotske-krajine.hr\/cms\/wp-content\/uploads\/2019\/02\/Rpt_PlanNabave-3.pdf\" target=\"_blank\" rel=\"noopener noreferrer\">PLAN NABAVE ZA 2019. GODINU<\/a> <a href=\"https:\/\/cistoca-imotske-krajine.hr\/cms\/wp-content\/uploads\/2019\/01\/CJENIK-OD-01.01.2019..pdf\" target=\"_blank\" rel=\"noopener noreferrer\">NOVI CJENIK ZA DOMA\u0106INSTVA I POVREMENE KORISNIKE <\/a> <a href=\"https:\/\/cistoca-imotske-krajine.hr\/cms\/wp-content\/uploads\/2018\/10\/43078528_548793028894104_7229356035721396224_n.jpg\" target=\"_blank\" rel=\"noopener noreferrer\">RASPORED ODVOZA ODVOJENOG OTPADA<\/a> <a href=\"https:\/\/cistoca-imotske-krajine.hr\/cms\/wp-content\/uploads\/2018\/10\/Izjava-o-za\u0161titi-podataka.pdf\" target=\"_blank\" rel=\"noopener noreferrer\">IZJAVA O ZA\u0160TITI PODATAKA<\/a> <a href=\"https:\/\/cistoca-imotske-krajine.hr\/cms\/wp-content\/uploads\/2018\/05\/Dozvola-za-gosp-otpadom.pdf\" target=\"_blank\" rel=\"noopener noreferrer\">DOZVOLA ZA GOSPODARENJE OTPADOM<\/a> <a href=\"http:\/\/cistoca-imotske-krajine.hr\/cms\/wp-content\/uploads\/2017\/07\/cjenik-01.06.2017.god_..pdf\">Cjenik 2017 - \u010cISTO\u0106A IMOTSKE KRAJINE <\/a><a href=\"http:\/\/cistoca-imotske-krajine.hr\/cms\/wp-content\/uploads\/2017\/07\/cjenik-01.06.2017.god_..pdf\">D.O.O.<\/a> <a href=\"http:\/\/cistoca-imotske-krajine.hr\/cms\/wp-content\/uploads\/2017\/07\/cjenik-01.06.2017.god_..pdf\">(kliknite za vi\u0161e)<\/a> <a href=\"http:\/\/cistoca-imotske-krajine.hr\/cms\/wp-content\/uploads\/2016\/08\/OP\u0106I-UVJETI-ISPORUKE.pdf\">OP\u0106I UVJETI ISPORUKE<\/a> <a href=\"http:\/\/cistoca-imotske-krajine.hr\/cms\/wp-content\/uploads\/2016\/08\/OP\u0106I-UVJETI-ISPORUKE.pdf\">(kliknite za vi\u0161e)<\/a> <a href=\"https:\/\/cistoca-imotske-krajine.hr\/cms\/wp-content\/uploads\/2018\/11\/PRAVILNIK-O-NABAVI-ROBA-I-USLAGA-MALE-VRIJEDNOSTI.pdf\" target=\"_blank\" rel=\"noopener noreferrer\">PRAVILNIK O NABAVI ROBA I USLUGA MALE VRIJEDNOSTI<\/a> <a href=\"http:\/\/cistoca-imotske-krajine.hr\/cms\/wp-content\/uploads\/2017\/09\/PLAN-NABAVE-ZA-2017.GOD_..pdf\">PLAN NABAVE 2017. (kliknite za vi\u0161e)<\/a> <a href=\"https:\/\/cistoca-imotske-krajine.hr\/cms\/wp-content\/uploads\/2018\/02\/Kopija-Rpt_PlanNabave.pdf\" target=\"_blank\" rel=\"noopener noreferrer\">PLAN NABAVE 2018. (kliknite za vi\u0161e)<\/a> <a href=\"https:\/\/cistoca-imotske-krajine.hr\/cms\/wp-content\/uploads\/2018\/05\/\u010cISTO\u0106A-IMOTSKE-KRAJINE-D.O.O.-NOVI-CJENIK.pdf\" target=\"_blank\" rel=\"noopener noreferrer\">Cjenik \u010cISTO\u0106A IMOTSKE KRAJINE D.O.O. \/ Pro\u010di\u0161\u0107eni tekst (kliknite za vi\u0161e)<\/a> \u00a0 \u00a0 \u00a0<\/p>\r\n<!-- \/wp:html -->","footnotes":""},"class_list":["post-60","page","type-page","status-publish","hentry"],"_links":{"self":[{"href":"https:\/\/cistoca-imotske-krajine.hr\/cms\/wp-json\/wp\/v2\/pages\/60","targetHints":{"allow":["GET"]}}],"collection":[{"href":"https:\/\/cistoca-imotske-krajine.hr\/cms\/wp-json\/wp\/v2\/pages"}],"about":[{"href":"https:\/\/cistoca-imotske-krajine.hr\/cms\/wp-json\/wp\/v2\/types\/page"}],"author":[{"embeddable":true,"href":"https:\/\/cistoca-imotske-krajine.hr\/cms\/wp-json\/wp\/v2\/users\/1"}],"replies":[{"embeddable":true,"href":"https:\/\/cistoca-imotske-krajine.hr\/cms\/wp-json\/wp\/v2\/comments?post=60"}],"version-history":[{"count":65,"href":"https:\/\/cistoca-imotske-krajine.hr\/cms\/wp-json\/wp\/v2\/pages\/60\/revisions"}],"predecessor-version":[{"id":967,"href":"https:\/\/cistoca-imotske-krajine.hr\/cms\/wp-json\/wp\/v2\/pages\/60\/revisions\/967"}],"wp:attachment":[{"href":"https:\/\/cistoca-imotske-krajine.hr\/cms\/wp-json\/wp\/v2\/media?parent=60"}],"curies":[{"name":"wp","href":"https:\/\/api.w.org\/{rel}","templated":true}]}}